{"id":2220,"date":"2026-04-22T16:44:17","date_gmt":"2026-04-22T14:44:17","guid":{"rendered":"https:\/\/www.elmesonbriones.es\/?page_id=2220"},"modified":"2026-04-23T16:00:50","modified_gmt":"2026-04-23T14:00:50","slug":"el-entorno","status":"publish","type":"page","link":"https:\/\/www.elmesonbriones.es\/en\/el-entorno\/","title":{"rendered":"El entorno"},"content":{"rendered":"<div data-elementor-type=\"wp-page\" data-elementor-id=\"2220\" class=\"elementor elementor-2220\" data-elementor-post-type=\"page\">\n\t\t\t\t<div class=\"elementor-element elementor-element-57daf97 e-con-full e-flex e-con e-parent\" data-id=\"57daf97\" data-element_type=\"container\" data-e-type=\"container\" data-settings=\"{&quot;background_background&quot;:&quot;classic&quot;}\">\n\t\t\t\t<\/div>\n\t\t<div class=\"elementor-element elementor-element-0c22acb e-con-full fc-container-padding e-flex e-con e-parent\" data-id=\"0c22acb\" data-element_type=\"container\" data-e-type=\"container\" data-settings=\"{&quot;background_background&quot;:&quot;classic&quot;}\">\n\t\t<div class=\"elementor-element elementor-element-a13f07d e-flex e-con-boxed e-con e-child\" data-id=\"a13f07d\" data-element_type=\"container\" data-e-type=\"container\">\n\t\t\t\t\t<div class=\"e-con-inner\">\n\t\t<div class=\"elementor-element elementor-element-beda1fe fc-container-col e-con-full e-flex e-con e-child\" data-id=\"beda1fe\" data-element_type=\"container\" data-e-type=\"container\">\n\t\t\t\t<div class=\"elementor-element elementor-element-3680d19 elementor-widget elementor-widget-heading\" data-id=\"3680d19\" data-element_type=\"widget\" data-e-type=\"widget\" data-widget_type=\"heading.default\">\n\t\t\t\t<div class=\"elementor-widget-container\">\n\t\t\t\t\t<h2 class=\"elementor-heading-title elementor-size-default\">Experiencia riojana aut\u00e9ntica<\/h2>\t\t\t\t<\/div>\n\t\t\t\t<\/div>\n\t\t\t\t<\/div>\n\t\t\t\t\t<\/div>\n\t\t\t\t<\/div>\n\t\t<div class=\"elementor-element elementor-element-4e29fb1 e-flex e-con-boxed e-con e-child\" data-id=\"4e29fb1\" data-element_type=\"container\" data-e-type=\"container\">\n\t\t\t\t\t<div class=\"e-con-inner\">\n\t\t<div class=\"elementor-element elementor-element-d05c097 fc-container-col e-con-full e-flex e-con e-child\" data-id=\"d05c097\" data-element_type=\"container\" data-e-type=\"container\">\n\t\t\t\t<div class=\"elementor-element elementor-element-98fb8dc elementor-widget elementor-widget-text-editor\" data-id=\"98fb8dc\" data-element_type=\"widget\" data-e-type=\"widget\" data-widget_type=\"text-editor.default\">\n\t\t\t\t<div class=\"elementor-widget-container\">\n\t\t\t\t\t\t\t\t\t<p>Briones, considerado uno de los pueblos m\u00e1s bonitos de Espa\u00f1a, se puede recorrer a pie en unas horas: pasear por su casco hist\u00f3rico medieval, visitar la Iglesia de Nuestra Se\u00f1ora de la Asunci\u00f3n, la Plaza de Espa\u00f1a o disfrutar de las vistas al valle del Ebro desde sus miradores.<\/p>\t\t\t\t\t\t\t\t<\/div>\n\t\t\t\t<\/div>\n\t\t\t\t<\/div>\n\t\t<div class=\"elementor-element elementor-element-6e5422b fc-container-col e-con-full e-flex e-con e-child\" data-id=\"6e5422b\" data-element_type=\"container\" data-e-type=\"container\">\n\t\t\t\t<div class=\"elementor-element elementor-element-fe1c7ab elementor-widget elementor-widget-text-editor\" data-id=\"fe1c7ab\" data-element_type=\"widget\" data-e-type=\"widget\" data-widget_type=\"text-editor.default\">\n\t\t\t\t<div class=\"elementor-widget-container\">\n\t\t\t\t\t\t\t\t\t<p>Uno de los momentos m\u00e1s especiales para visitarlo es durante sus Jornadas Medievales, que se celebran cada a\u00f1o el tercer fin de semana de junio y est\u00e1n declaradas Fiesta de Inter\u00e9s Tur\u00edstico Nacional. Durante ese fin de semana, el pueblo se transforma por completo, representaciones, ambientaci\u00f3n hist\u00f3rica y vecinos caracterizados, convirti\u00e9ndose en una experiencia \u00fanica.<\/p>\t\t\t\t\t\t\t\t<\/div>\n\t\t\t\t<\/div>\n\t\t\t\t<\/div>\n\t\t\t\t\t<\/div>\n\t\t\t\t<\/div>\n\t\t\t\t<\/div>\n\t\t<div class=\"elementor-element elementor-element-c913ca9 e-flex e-con-boxed e-con e-parent\" data-id=\"c913ca9\" data-element_type=\"container\" data-e-type=\"container\" data-settings=\"{&quot;background_background&quot;:&quot;classic&quot;}\">\n\t\t\t\t\t<div class=\"e-con-inner\">\n\t\t\t\t<div class=\"elementor-element elementor-element-0b3bf2c elementor-widget elementor-widget-text-editor\" data-id=\"0b3bf2c\" data-element_type=\"widget\" data-e-type=\"widget\" data-widget_type=\"text-editor.default\">\n\t\t\t\t<div class=\"elementor-widget-container\">\n\t\t\t\t\t\t\t\t\t<p>Puedes consultar todas las actividades y eventos que tienen lugar en Briones durante el a\u00f1o en este enlace. <a href=\"https:\/\/www.ayuntamientobriones.org\/index.php\/turismo\/calendario-de-eventos\" target=\"_blank\" rel=\"noopener\">Ver actividades.<\/a><\/p>\t\t\t\t\t\t\t\t<\/div>\n\t\t\t\t<\/div>\n\t\t\t\t\t<\/div>\n\t\t\t\t<\/div>\n\t\t<div class=\"elementor-element elementor-element-4d60983 e-con-full e-flex e-con e-parent\" data-id=\"4d60983\" data-element_type=\"container\" data-e-type=\"container\">\n\t\t<div class=\"elementor-element elementor-element-56604c5 e-con-full e-flex e-con e-child\" data-id=\"56604c5\" data-element_type=\"container\" data-e-type=\"container\" data-settings=\"{&quot;background_background&quot;:&quot;classic&quot;}\">\n\t\t\t\t<\/div>\n\t\t<div class=\"elementor-element elementor-element-dac187a e-con-full e-flex e-con e-child\" data-id=\"dac187a\" data-element_type=\"container\" data-e-type=\"container\" data-settings=\"{&quot;background_background&quot;:&quot;classic&quot;}\">\n\t\t<div class=\"elementor-element elementor-element-7160945 fc-container-equal e-con-full e-flex elementor-invisible e-con e-child\" data-id=\"7160945\" data-element_type=\"container\" data-e-type=\"container\" data-settings=\"{&quot;animation&quot;:&quot;fadeIn&quot;}\">\n\t\t\t\t<div class=\"elementor-element elementor-element-f2b7a81 elementor-widget elementor-widget-heading\" data-id=\"f2b7a81\" data-element_type=\"widget\" data-e-type=\"widget\" data-widget_type=\"heading.default\">\n\t\t\t\t<div class=\"elementor-widget-container\">\n\t\t\t\t\t<h2 class=\"elementor-heading-title elementor-size-default\">Vino, cultura y naturaleza<\/h2>\t\t\t\t<\/div>\n\t\t\t\t<\/div>\n\t\t\t\t<div class=\"elementor-element elementor-element-692fffa elementor-widget elementor-widget-text-editor\" data-id=\"692fffa\" data-element_type=\"widget\" data-e-type=\"widget\" data-widget_type=\"text-editor.default\">\n\t\t\t\t<div class=\"elementor-widget-container\">\n\t\t\t\t\t\t\t\t\t<p>Adem\u00e1s, podr\u00e1s visitar bodegas, recorrer rutas entre vi\u00f1edos, actividades en la naturaleza, descubrir el Museo Vivanco de la Cultura del Vino o simplemente disfrutar de la gastronom\u00eda y del paisaje que define esta tierra.<\/p>\t\t\t\t\t\t\t\t<\/div>\n\t\t\t\t<\/div>\n\t\t\t\t<div class=\"elementor-element elementor-element-7d0ce37 elementor-widget__width-auto fc-boton-simple elementor-widget elementor-widget-button\" data-id=\"7d0ce37\" data-element_type=\"widget\" data-e-type=\"widget\" data-widget_type=\"button.default\">\n\t\t\t\t<div class=\"elementor-widget-container\">\n\t\t\t\t\t\t\t\t\t<div class=\"elementor-button-wrapper\">\n\t\t\t\t\t<a class=\"elementor-button elementor-button-link elementor-size-sm\" href=\"https:\/\/www.reservaonline.support\/casaruralelmeson\/reservas.html\" target=\"_blank\" rel=\"noopener\">\n\t\t\t\t\t\t<span class=\"elementor-button-content-wrapper\">\n\t\t\t\t\t\t\t\t\t<span class=\"elementor-button-text\">Reservar<\/span>\n\t\t\t\t\t<\/span>\n\t\t\t\t\t<\/a>\n\t\t\t\t<\/div>\n\t\t\t\t\t\t\t\t<\/div>\n\t\t\t\t<\/div>\n\t\t\t\t<\/div>\n\t\t\t\t<\/div>\n\t\t\t\t<\/div>\n\t\t<div class=\"elementor-element elementor-element-2c8b4b3 e-con-full e-flex e-con e-parent\" data-id=\"2c8b4b3\" data-element_type=\"container\" data-e-type=\"container\">\n\t\t<div class=\"elementor-element elementor-element-949334e e-con-full e-flex e-con e-child\" data-id=\"949334e\" data-element_type=\"container\" data-e-type=\"container\" data-settings=\"{&quot;background_background&quot;:&quot;classic&quot;}\">\n\t\t<div class=\"elementor-element elementor-element-d31e45f e-con-full e-flex e-con e-child\" data-id=\"d31e45f\" data-element_type=\"container\" data-e-type=\"container\" data-settings=\"{&quot;background_background&quot;:&quot;classic&quot;}\">\n\t\t\t\t<div class=\"elementor-element elementor-element-49ca1ed elementor-widget elementor-widget-heading\" data-id=\"49ca1ed\" data-element_type=\"widget\" data-e-type=\"widget\" data-widget_type=\"heading.default\">\n\t\t\t\t<div class=\"elementor-widget-container\">\n\t\t\t\t\t<h2 class=\"elementor-heading-title elementor-size-default\">Otros lugares de inter\u00e9s<\/h2>\t\t\t\t<\/div>\n\t\t\t\t<\/div>\n\t\t\t\t<\/div>\n\t\t\t\t<\/div>\n\t\t<div class=\"elementor-element elementor-element-9d61f26 e-con-full e-flex e-con e-child\" data-id=\"9d61f26\" data-element_type=\"container\" data-e-type=\"container\" data-settings=\"{&quot;background_background&quot;:&quot;classic&quot;}\">\n\t\t<div class=\"elementor-element elementor-element-efeceec fc-container-equal e-con-full e-flex elementor-invisible e-con e-child\" data-id=\"efeceec\" data-element_type=\"container\" data-e-type=\"container\" data-settings=\"{&quot;animation&quot;:&quot;fadeIn&quot;}\">\n\t\t\t\t<div class=\"elementor-element elementor-element-1c62c95 elementor-widget elementor-widget-heading\" data-id=\"1c62c95\" data-element_type=\"widget\" data-e-type=\"widget\" data-widget_type=\"heading.default\">\n\t\t\t\t<div class=\"elementor-widget-container\">\n\t\t\t\t\t<h2 class=\"elementor-heading-title elementor-size-default\">Qu\u00e9 puedes visitar<\/h2>\t\t\t\t<\/div>\n\t\t\t\t<\/div>\n\t\t\t\t<div class=\"elementor-element elementor-element-1dfce8b elementor-widget elementor-widget-text-editor\" data-id=\"1dfce8b\" data-element_type=\"widget\" data-e-type=\"widget\" data-widget_type=\"text-editor.default\">\n\t\t\t\t<div class=\"elementor-widget-container\">\n\t\t\t\t\t\t\t\t\t<p><strong>Haro (a 10 minutos)<\/strong>, <br \/>referente del vino de Rioja y famoso por su Barrio de la Estaci\u00f3n y sus bodegas centenarias<\/p><p><strong>San Vicente de la Sonsierra (a 5 minutos)<\/strong>, <br \/>con su castillo y sus impresionantes vistas entre vi\u00f1edos<\/p><p><strong>Laguardia o Labastida (a unos 15-20 minutos)<\/strong>, <br \/>pueblos con gran encanto en plena Rioja Alavesa<\/p><p><strong>Logro\u00f1o se encuentra a unos 30 minutos,<\/strong> <br \/>ideal para disfrutar de su ambiente, sus calles de pinchos como Laurel o San Juan y su oferta cultural.<\/p>\t\t\t\t\t\t\t\t<\/div>\n\t\t\t\t<\/div>\n\t\t\t\t<\/div>\n\t\t\t\t<\/div>\n\t\t\t\t<\/div>\n\t\t\t\t<\/div>","protected":false},"excerpt":{"rendered":"<p>Experiencia riojana aut\u00e9ntica Briones, considerado uno de los pueblos m\u00e1s bonitos de Espa\u00f1a, se puede recorrer a pie en unas horas: pasear por su casco hist\u00f3rico medieval, visitar la Iglesia de Nuestra Se\u00f1ora de la Asunci\u00f3n, la Plaza de Espa\u00f1a o disfrutar de las vistas al valle del Ebro desde sus miradores. Uno de los [&hellip;]<\/p>\n","protected":false},"author":1,"featured_media":0,"parent":0,"menu_order":0,"comment_status":"closed","ping_status":"closed","template":"","meta":{"_acf_changed":false,"footnotes":""},"class_list":["post-2220","page","type-page","status-publish","hentry"],"acf":[],"_links":{"self":[{"href":"https:\/\/www.elmesonbriones.es\/en\/wp-json\/wp\/v2\/pages\/2220","targetHints":{"allow":["GET"]}}],"collection":[{"href":"https:\/\/www.elmesonbriones.es\/en\/wp-json\/wp\/v2\/pages"}],"about":[{"href":"https:\/\/www.elmesonbriones.es\/en\/wp-json\/wp\/v2\/types\/page"}],"author":[{"embeddable":true,"href":"https:\/\/www.elmesonbriones.es\/en\/wp-json\/wp\/v2\/users\/1"}],"replies":[{"embeddable":true,"href":"https:\/\/www.elmesonbriones.es\/en\/wp-json\/wp\/v2\/comments?post=2220"}],"version-history":[{"count":34,"href":"https:\/\/www.elmesonbriones.es\/en\/wp-json\/wp\/v2\/pages\/2220\/revisions"}],"predecessor-version":[{"id":2390,"href":"https:\/\/www.elmesonbriones.es\/en\/wp-json\/wp\/v2\/pages\/2220\/revisions\/2390"}],"wp:attachment":[{"href":"https:\/\/www.elmesonbriones.es\/en\/wp-json\/wp\/v2\/media?parent=2220"}],"curies":[{"name":"wp","href":"https:\/\/api.w.org\/{rel}","templated":true}]}}